{"id":56,"date":"2018-05-09T07:29:21","date_gmt":"2018-05-09T07:29:21","guid":{"rendered":"http:\/\/packaging4you.bhakwien10.schulwebspace.at\/packaging4you\/?page_id=56"},"modified":"2025-12-04T09:44:30","modified_gmt":"2025-12-04T09:44:30","slug":"agb","status":"publish","type":"page","link":"https:\/\/packaging4you.bhakwien10.schulwebspace.at\/packaging4you\/agb\/","title":{"rendered":"AGB"},"content":{"rendered":"<p><b><span data-contrast=\"auto\">Allgemeine Gesch\u00e4ftsbedingungen<\/span><\/b><\/p>\n<p><span data-contrast=\"auto\">Die nachfolgenden Gesch\u00e4ftsbedingungen (AGB) sind Grundlage und Bestandteil jeder vertraglichen Vereinbarung zwischen der \u00dcFA Packaging4You GmbH und dem Auftraggeber. Entgegenstehenden Regelungen in den Allgemeinen Gesch\u00e4ftsbedingungen des Auftraggebers widerspricht die \u00dcFA Packaging4You GmbH hiermit ausdr\u00fccklich.<\/span><span data-ccp-props=\"{&quot;335551550&quot;:6,&quot;335551620&quot;:6}\">\u00a0<\/span><\/p>\n<p><b><span data-contrast=\"auto\">Lieferbedingungen:<\/span><\/b><span data-ccp-props=\"{&quot;335551550&quot;:6,&quot;335551620&quot;:6}\">\u00a0<\/span><\/p>\n<p><span data-contrast=\"auto\">Die Lieferfrist betr\u00e4gt 30 Tage und beginnt mit dem Datum der Bestellung.<\/span><span data-ccp-props=\"{&quot;335551550&quot;:6,&quot;335551620&quot;:6}\">\u00a0<\/span><\/p>\n<p><b><span data-contrast=\"auto\">Zahlungsbedingungen:<\/span><\/b><span data-ccp-props=\"{&quot;335551550&quot;:6,&quot;335551620&quot;:6}\">\u00a0<\/span><\/p>\n<p><span data-contrast=\"auto\">Sie erhalten 3% Skonto bei Zahlung innerhalb von 10 Tagen. Ansonsten haben Sie f\u00fcr die Zahlung 30 Tage netto Zeit.<\/span><span data-ccp-props=\"{&quot;335551550&quot;:6,&quot;335551620&quot;:6}\">\u00a0<\/span><\/p>\n<p><b><span data-contrast=\"auto\">Eigentumsvorbehalt:<\/span><\/b><span data-ccp-props=\"{&quot;335551550&quot;:6,&quot;335551620&quot;:6}\">\u00a0<\/span><\/p>\n<p><span data-contrast=\"auto\">Die Ware bleibt bis zur vollst\u00e4ndigen Bezahlung im Eigentum der \u00dcFA Packaging4You GmbH.<\/span><span data-ccp-props=\"{&quot;335551550&quot;:6,&quot;335551620&quot;:6}\">\u00a0<\/span><\/p>\n<p><b><span data-contrast=\"auto\">Gew\u00e4hrleistung:<\/span><\/b><span data-ccp-props=\"{&quot;335551550&quot;:6,&quot;335551620&quot;:6}\">\u00a0<\/span><\/p>\n<p><span data-contrast=\"auto\">Die gesetzliche Gew\u00e4hrleistungspflicht betr\u00e4gt 2 Jahre gem. \u00a7 933 ABGB und beginnt mit der \u00dcbergabe der Ware. In dieser Zeit werden alle M\u00e4ngel, die der gesetzlichen Gew\u00e4hrleistungspflicht unterliegen, kostenlos behoben. Der Gew\u00e4hrleistungsanspruch erlischt f\u00fcr Sch\u00e4den infolge unsachgem\u00e4\u00dfer Behandlung und Verwendung des Kaufgegenstandes.<\/span><span data-ccp-props=\"{&quot;335551550&quot;:6,&quot;335551620&quot;:6}\">\u00a0<\/span><\/p>\n<p><b><span data-contrast=\"auto\">Erf\u00fcllungsort und Gerichtsstand:<\/span><\/b><span data-ccp-props=\"{&quot;335551550&quot;:6,&quot;335551620&quot;:6}\">\u00a0<\/span><\/p>\n<p><span data-contrast=\"auto\">Erf\u00fcllungsort ist der Sitz der \u00dcFA Packaging4You GmbH, Gerichtsstand ist ACT Gericht Wien.<\/span><span data-ccp-props=\"{&quot;335551550&quot;:6,&quot;335551620&quot;:6}\">\u00a0<\/span><\/p>\n<p><b><span data-contrast=\"auto\">Verzugszinsen\/Mahnspesen:<\/span><\/b><\/p>\n<p><span data-contrast=\"auto\">Bei versp\u00e4teter Zahlung verrechnet Packaging4You bei Kunden Verzugszinsen in H\u00f6he von 4 % p.a. vom geschuldeten Rechnungsbetrag ab F\u00e4lligkeit der Rechnung.<\/span><span data-ccp-props=\"{&quot;335551550&quot;:6,&quot;335551620&quot;:6}\">\u00a0<\/span><\/p>\n<p><span data-ccp-props=\"{}\">\u00a0<\/span><\/p>\n\n\n<p><\/p>\n","protected":false},"excerpt":{"rendered":"<p>Allgemeine Gesch\u00e4ftsbedingungen Die nachfolgenden Gesch\u00e4ftsbedingungen (AGB) sind Grundlage und Bestandteil jeder vertraglichen Vereinbarung zwischen der \u00dcFA Packaging4You GmbH und dem Auftraggeber. Entgegenstehenden Regelungen in den Allgemeinen Gesch\u00e4ftsbedingungen des Auftraggebers widerspricht die \u00dcFA Packaging4You GmbH hiermit ausdr\u00fccklich.\u00a0 Lieferbedingungen:\u00a0 Die Lieferfrist betr\u00e4gt 30 Tage und beginnt mit dem Datum der Bestellung.\u00a0 Zahlungsbedingungen:\u00a0 Sie erhalten 3% Skonto bei [&hellip;]<\/p>\n","protected":false},"author":3,"featured_media":0,"parent":0,"menu_order":0,"comment_status":"closed","ping_status":"closed","template":"","meta":{"footnotes":""},"class_list":["post-56","page","type-page","status-publish","hentry"],"_links":{"self":[{"href":"https:\/\/packaging4you.bhakwien10.schulwebspace.at\/packaging4you\/wp-json\/wp\/v2\/pages\/56","targetHints":{"allow":["GET"]}}],"collection":[{"href":"https:\/\/packaging4you.bhakwien10.schulwebspace.at\/packaging4you\/wp-json\/wp\/v2\/pages"}],"about":[{"href":"https:\/\/packaging4you.bhakwien10.schulwebspace.at\/packaging4you\/wp-json\/wp\/v2\/types\/page"}],"author":[{"embeddable":true,"href":"https:\/\/packaging4you.bhakwien10.schulwebspace.at\/packaging4you\/wp-json\/wp\/v2\/users\/3"}],"replies":[{"embeddable":true,"href":"https:\/\/packaging4you.bhakwien10.schulwebspace.at\/packaging4you\/wp-json\/wp\/v2\/comments?post=56"}],"version-history":[{"count":9,"href":"https:\/\/packaging4you.bhakwien10.schulwebspace.at\/packaging4you\/wp-json\/wp\/v2\/pages\/56\/revisions"}],"predecessor-version":[{"id":586,"href":"https:\/\/packaging4you.bhakwien10.schulwebspace.at\/packaging4you\/wp-json\/wp\/v2\/pages\/56\/revisions\/586"}],"wp:attachment":[{"href":"https:\/\/packaging4you.bhakwien10.schulwebspace.at\/packaging4you\/wp-json\/wp\/v2\/media?parent=56"}],"curies":[{"name":"wp","href":"https:\/\/api.w.org\/{rel}","templated":true}]}}