{"id":451,"date":"2022-05-04T13:02:14","date_gmt":"2022-05-04T13:02:14","guid":{"rendered":"https:\/\/packaging4you.bhakwien10.schulwebspace.at\/packaging4you\/?page_id=451"},"modified":"2025-12-04T10:06:10","modified_gmt":"2025-12-04T10:06:10","slug":"nachhaltigkeit","status":"publish","type":"page","link":"https:\/\/packaging4you.bhakwien10.schulwebspace.at\/packaging4you\/nachhaltigkeit\/","title":{"rendered":"Nachhaltigkeit"},"content":{"rendered":"\n<figure class=\"wp-block-image size-large\"><img loading=\"lazy\" decoding=\"async\" width=\"1024\" height=\"707\" src=\"https:\/\/packaging4you.bhakwien10.schulwebspace.at\/packaging4you\/wp-content\/uploads\/2025\/11\/photo-1695222833131-54ee679ae8e5-1024x707.jpg\" alt=\"\" class=\"wp-image-541\" srcset=\"https:\/\/packaging4you.bhakwien10.schulwebspace.at\/packaging4you\/wp-content\/uploads\/2025\/11\/photo-1695222833131-54ee679ae8e5-1024x707.jpg 1024w, https:\/\/packaging4you.bhakwien10.schulwebspace.at\/packaging4you\/wp-content\/uploads\/2025\/11\/photo-1695222833131-54ee679ae8e5-300x207.jpg 300w, https:\/\/packaging4you.bhakwien10.schulwebspace.at\/packaging4you\/wp-content\/uploads\/2025\/11\/photo-1695222833131-54ee679ae8e5-768x530.jpg 768w, https:\/\/packaging4you.bhakwien10.schulwebspace.at\/packaging4you\/wp-content\/uploads\/2025\/11\/photo-1695222833131-54ee679ae8e5-1536x1060.jpg 1536w, https:\/\/packaging4you.bhakwien10.schulwebspace.at\/packaging4you\/wp-content\/uploads\/2025\/11\/photo-1695222833131-54ee679ae8e5-2048x1414.jpg 2048w\" sizes=\"auto, (max-width: 1024px) 100vw, 1024px\" \/><\/figure>\n\n\n\n<p><strong>Unser Engagement f\u00fcr Nachhaltigkeit<\/strong>&nbsp;<\/p>\n\n\n\n<p>Bei Packaging4You nehmen wir unsere Verantwortung f\u00fcr die Umwelt sehr ernst. Nachhaltigkeit ist fest in unserem Gesch\u00e4ftsmodell verankert und pr\u00e4gt jeden Schritt unserer Verpackungsentwicklung.\u00a0<\/p>\n\n\n\n<ul class=\"wp-block-list\">\n<li><strong>Umweltfreundliche Materialien:<\/strong> Wir setzen bevorzugt auf recycelbare, kompostierbare und FSC-zertifizierte Rohstoffe, um die \u00f6kologische Belastung zu minimieren.&nbsp;<\/li>\n<\/ul>\n\n\n\n<ul class=\"wp-block-list\">\n<li><strong>Ressourceneffizienz:<\/strong> Durch optimierte Designs reduzieren wir Materialeinsatz und Abfall, ohne die Stabilit\u00e4t oder Funktionalit\u00e4t unserer Verpackungen zu beeintr\u00e4chtigen.&nbsp;<\/li>\n<\/ul>\n\n\n\n<ul class=\"wp-block-list\">\n<li><strong>Wiederverwendbarkeit:<\/strong> Wo immer m\u00f6glich, entwickeln wir Verpackungen, die mehrfach verwendet oder einfach recycelt werden k\u00f6nnen.&nbsp;<\/li>\n<\/ul>\n\n\n\n<ul class=\"wp-block-list\">\n<li><strong>Nachhaltige Lieferketten:<\/strong> Wir w\u00e4hlen Partner und Lieferanten sorgf\u00e4ltig aus, um nachhaltige Produktions- und Transportwege sicherzustellen.&nbsp;<\/li>\n<\/ul>\n\n\n\n<ul class=\"wp-block-list\">\n<li><strong>Sensibilisierung &amp; Schulung:<\/strong> Unser Team wird regelm\u00e4\u00dfig zu nachhaltigen Praktiken geschult, um Umweltbewusstsein im gesamten Unternehmen zu f\u00f6rdern.&nbsp;<\/li>\n<\/ul>\n\n\n\n<p>Mit diesen Ma\u00dfnahmen m\u00f6chten wir nicht nur unsere Umwelt sch\u00fctzen, sondern auch unsere Kunden dabei unterst\u00fctzen, ihre eigenen Nachhaltigkeitsziele zu erreichen.&nbsp;<\/p>\n","protected":false},"excerpt":{"rendered":"<p>Unser Engagement f\u00fcr Nachhaltigkeit&nbsp; Bei Packaging4You nehmen wir unsere Verantwortung f\u00fcr die Umwelt sehr ernst. Nachhaltigkeit ist fest in unserem Gesch\u00e4ftsmodell verankert und pr\u00e4gt jeden Schritt unserer Verpackungsentwicklung.\u00a0 Mit diesen Ma\u00dfnahmen m\u00f6chten wir nicht nur unsere Umwelt sch\u00fctzen, sondern auch unsere Kunden dabei unterst\u00fctzen, ihre eigenen Nachhaltigkeitsziele zu erreichen.&nbsp;<\/p>\n","protected":false},"author":3,"featured_media":0,"parent":0,"menu_order":0,"comment_status":"closed","ping_status":"closed","template":"","meta":{"footnotes":""},"class_list":["post-451","page","type-page","status-publish","hentry"],"_links":{"self":[{"href":"https:\/\/packaging4you.bhakwien10.schulwebspace.at\/packaging4you\/wp-json\/wp\/v2\/pages\/451","targetHints":{"allow":["GET"]}}],"collection":[{"href":"https:\/\/packaging4you.bhakwien10.schulwebspace.at\/packaging4you\/wp-json\/wp\/v2\/pages"}],"about":[{"href":"https:\/\/packaging4you.bhakwien10.schulwebspace.at\/packaging4you\/wp-json\/wp\/v2\/types\/page"}],"author":[{"embeddable":true,"href":"https:\/\/packaging4you.bhakwien10.schulwebspace.at\/packaging4you\/wp-json\/wp\/v2\/users\/3"}],"replies":[{"embeddable":true,"href":"https:\/\/packaging4you.bhakwien10.schulwebspace.at\/packaging4you\/wp-json\/wp\/v2\/comments?post=451"}],"version-history":[{"count":9,"href":"https:\/\/packaging4you.bhakwien10.schulwebspace.at\/packaging4you\/wp-json\/wp\/v2\/pages\/451\/revisions"}],"predecessor-version":[{"id":601,"href":"https:\/\/packaging4you.bhakwien10.schulwebspace.at\/packaging4you\/wp-json\/wp\/v2\/pages\/451\/revisions\/601"}],"wp:attachment":[{"href":"https:\/\/packaging4you.bhakwien10.schulwebspace.at\/packaging4you\/wp-json\/wp\/v2\/media?parent=451"}],"curies":[{"name":"wp","href":"https:\/\/api.w.org\/{rel}","templated":true}]}}